{"id":25,"date":"2026-01-10T20:17:22","date_gmt":"2026-01-10T20:17:22","guid":{"rendered":"https:\/\/laruche224.com\/about\/"},"modified":"2026-02-06T12:51:49","modified_gmt":"2026-02-06T12:51:49","slug":"about","status":"publish","type":"page","link":"https:\/\/laruche224.com\/en\/about\/","title":{"rendered":"About us"},"content":{"rendered":"<div class=\"wp-block-group alignfull is-style-ext-preset--group--natural-1--section has-background-background-color has-background has-global-padding is-layout-constrained wp-container-core-group-is-layout-6714b1d7 wp-block-group-is-layout-constrained\" id=\"about\" style=\"margin-top:0;margin-bottom:0;padding-top:var(--wp--preset--spacing--70);padding-bottom:var(--wp--preset--spacing--70)\">\n<div class=\"wp-block-group alignwide is-vertical is-content-justification-center is-layout-flex wp-container-core-group-is-layout-c9ee0c5a wp-block-group-is-layout-flex\">\n<div class=\"wp-block-group has-global-padding is-layout-constrained wp-container-core-group-is-layout-2287c683 wp-block-group-is-layout-constrained\">\n<h2 class=\"wp-block-heading has-text-align-center\">Celebrating the spirit of the Guinean community<\/h2>\n\n\n\n<p class=\"has-text-align-center\">La Ruche 224 is dedicated to highlighting the vitality and unity of the Guinean community, fostering collaboration and active participation to strengthen cultural ties and shared growth.<\/p>\n<\/div>\n<\/div>\n\n\n\n<div class=\"wp-block-columns alignwide is-layout-flex wp-container-core-columns-is-layout-28f84493 wp-block-columns-is-layout-flex\">\n<div class=\"wp-block-column is-layout-flow wp-block-column-is-layout-flow\">\n<figure class=\"wp-block-image is-style-ext-preset-image-natural-1-image-1--content-bottom is-style-ext-preset--image--natural-1--image-1--content-bottom extendify-image-import is-style-ext-preset--image--natural-1--image-1--content-bottom--2\"><img loading=\"lazy\" decoding=\"async\" width=\"1024\" height=\"1024\" src=\"https:\/\/laruche224.com\/wp-content\/uploads\/2026\/01\/2026-01-15-14-06-28-c3610f79-394e-4df2-8e8b-1a1bb192e488.jpg\" alt=\"\" class=\"wp-image-165\" style=\"aspect-ratio:3\/4;object-fit:cover\" srcset=\"https:\/\/laruche224.com\/wp-content\/uploads\/2026\/01\/2026-01-15-14-06-28-c3610f79-394e-4df2-8e8b-1a1bb192e488.jpg 1024w, https:\/\/laruche224.com\/wp-content\/uploads\/2026\/01\/2026-01-15-14-06-28-c3610f79-394e-4df2-8e8b-1a1bb192e488-300x300.jpg 300w, https:\/\/laruche224.com\/wp-content\/uploads\/2026\/01\/2026-01-15-14-06-28-c3610f79-394e-4df2-8e8b-1a1bb192e488-150x150.jpg 150w, https:\/\/laruche224.com\/wp-content\/uploads\/2026\/01\/2026-01-15-14-06-28-c3610f79-394e-4df2-8e8b-1a1bb192e488-768x768.jpg 768w, https:\/\/laruche224.com\/wp-content\/uploads\/2026\/01\/2026-01-15-14-06-28-c3610f79-394e-4df2-8e8b-1a1bb192e488-12x12.jpg 12w\" sizes=\"auto, (max-width: 1024px) 100vw, 1024px\" \/><\/figure>\n<\/div>\n\n\n\n<div class=\"wp-block-column is-layout-flow wp-block-column-is-layout-flow\">\n<figure class=\"wp-block-image size-full is-style-ext-preset-image-natural-1-image-1--content-bottom is-style-ext-preset--image--natural-1--image-1--content-bottom extendify-image-import is-style-ext-preset--image--natural-1--image-1--content-bottom--3\"><img loading=\"lazy\" decoding=\"async\" width=\"1024\" height=\"1024\" src=\"https:\/\/laruche224.com\/wp-content\/uploads\/2026\/01\/2026-01-15-14-06-28-c3610f79-394e-4df2-8e8b-1a1bb192e488-3.jpg\" alt=\"\" class=\"wp-image-186\" style=\"aspect-ratio:3\/4;object-fit:cover\" srcset=\"https:\/\/laruche224.com\/wp-content\/uploads\/2026\/01\/2026-01-15-14-06-28-c3610f79-394e-4df2-8e8b-1a1bb192e488-3.jpg 1024w, https:\/\/laruche224.com\/wp-content\/uploads\/2026\/01\/2026-01-15-14-06-28-c3610f79-394e-4df2-8e8b-1a1bb192e488-3-300x300.jpg 300w, https:\/\/laruche224.com\/wp-content\/uploads\/2026\/01\/2026-01-15-14-06-28-c3610f79-394e-4df2-8e8b-1a1bb192e488-3-150x150.jpg 150w, https:\/\/laruche224.com\/wp-content\/uploads\/2026\/01\/2026-01-15-14-06-28-c3610f79-394e-4df2-8e8b-1a1bb192e488-3-768x768.jpg 768w, https:\/\/laruche224.com\/wp-content\/uploads\/2026\/01\/2026-01-15-14-06-28-c3610f79-394e-4df2-8e8b-1a1bb192e488-3-12x12.jpg 12w\" sizes=\"auto, (max-width: 1024px) 100vw, 1024px\" \/><figcaption class=\"wp-element-caption\">default<\/figcaption><\/figure>\n<\/div>\n\n\n\n<div class=\"wp-block-column is-layout-flow wp-block-column-is-layout-flow\">\n<figure class=\"wp-block-image is-style-ext-preset-image-natural-1-image-1--content-bottom is-style-ext-preset--image--natural-1--image-1--content-bottom extendify-image-import is-style-ext-preset--image--natural-1--image-1--content-bottom--4\"><img decoding=\"async\" src=\"https:\/\/images.unsplash.com\/photo-1444210971048-6130cf0c46cf?ixid=M3w0MzUxNjF8MHwxfHNlYXJjaHwxOXx8Y29tbXVuaXR5fGVufDB8fHx8MTc2NzU4OTkyMXww&amp;ixlib=rb-4.1.0&amp;orientation=landscape?fit=crop&amp;crop=entropy%2Cfaces&amp;auto=format%2Ccompress&amp;w=1280\" alt=\"\" style=\"aspect-ratio:3\/4;object-fit:cover\"\/><\/figure>\n<\/div>\n<\/div>\n<\/div>","protected":false},"excerpt":{"rendered":"<p>C\u00e9l\u00e9brez l&rsquo;\u00e9nergie et l&rsquo;esprit de la communaut\u00e9 guin\u00e9enne La Ruche 224 est d\u00e9di\u00e9e \u00e0 mettre en valeur la vitalit\u00e9 et l&rsquo;unit\u00e9 de la communaut\u00e9 guin\u00e9enne, favorisant la collaboration et la participation active pour renforcer les liens culturels et la croissance partag\u00e9e.<\/p>","protected":false},"author":1,"featured_media":0,"parent":0,"menu_order":0,"comment_status":"closed","ping_status":"closed","template":"page-with-title","meta":{"_monsterinsights_skip_tracking":false,"_monsterinsights_sitenote_active":false,"_monsterinsights_sitenote_note":"","_monsterinsights_sitenote_category":0,"footnotes":""},"class_list":["post-25","page","type-page","status-publish","hentry"],"aioseo_notices":[],"_links":{"self":[{"href":"https:\/\/laruche224.com\/en\/wp-json\/wp\/v2\/pages\/25","targetHints":{"allow":["GET"]}}],"collection":[{"href":"https:\/\/laruche224.com\/en\/wp-json\/wp\/v2\/pages"}],"about":[{"href":"https:\/\/laruche224.com\/en\/wp-json\/wp\/v2\/types\/page"}],"author":[{"embeddable":true,"href":"https:\/\/laruche224.com\/en\/wp-json\/wp\/v2\/users\/1"}],"replies":[{"embeddable":true,"href":"https:\/\/laruche224.com\/en\/wp-json\/wp\/v2\/comments?post=25"}],"version-history":[{"count":12,"href":"https:\/\/laruche224.com\/en\/wp-json\/wp\/v2\/pages\/25\/revisions"}],"predecessor-version":[{"id":252,"href":"https:\/\/laruche224.com\/en\/wp-json\/wp\/v2\/pages\/25\/revisions\/252"}],"wp:attachment":[{"href":"https:\/\/laruche224.com\/en\/wp-json\/wp\/v2\/media?parent=25"}],"curies":[{"name":"wp","href":"https:\/\/api.w.org\/{rel}","templated":true}]}}