{"id":86,"date":"2026-01-11T08:23:33","date_gmt":"2026-01-11T08:23:33","guid":{"rendered":"https:\/\/laruche224.com\/bar\/"},"modified":"2026-04-06T17:24:20","modified_gmt":"2026-04-06T17:24:20","slug":"bar","status":"publish","type":"page","link":"https:\/\/laruche224.com\/en\/bar\/","title":{"rendered":"Bar &#8211; Lounge &#8211; Go\u00fbter\/p\u00e2tisseries"},"content":{"rendered":"<div style=\"text-align:center; max-width:700px; margin:40px auto; font-family:Arial, sans-serif; line-height:1.6; color:#333;\">\n  <h2 style=\"font-size:28px; margin-bottom:15px; color:#000;\">LE NID 115<\/h2>\n  <img decoding=\"async\" src=\"https:\/\/laruche224.com\/wp-content\/uploads\/2026\/04\/cUSee.jpg\" alt=\"nid-115-logo\"\n         style=\"height:80px; width:auto;\">  \n  <p style=\"font-size:16px; margin-bottom:15px;\">\n    Welcome to a unique setting in Kip\u00e9, in the heart of the Bay of Stars.\n  <\/p>\n  \n  <p style=\"font-size:16px; margin-bottom:15px;\">\n    Come for a snack during the day, a drink in the afternoon, a charcuterie board, or a cocktail in the evening, and let yourself be carried away by a diverse and vibrant musical atmosphere!\n  <\/p>\n  \n  <p style=\"font-size:16px; margin-bottom:15px;\">\n    Surprises to come and much more\u2026\n  <\/p>\n\n  <p style=\"font-size:16px; margin-bottom:15px;\">\n    Join the NEST!!!\n  <\/p>\n<\/div>\n\n\n\n<div style=\"text-align:center; max-width:700px; margin:40px auto; font-family:Arial, sans-serif; line-height:1.6; color:#333;\">\n<h3 style=\"font-size:28px; margin-bottom:15px; color:#000; class=\"has-text-align-left\">LE NID 115, 1er \u00e9tage, Baie des \u00e9toiles, Kip\u00e9, Conakry<\/h3><\/p>\n<\/div>\n\n\n\n<div style=\"position:relative; font-family:Arial, sans-serif;\">\n<a href=\"tel:+224627457645\" \n   style=\"color:#007BFF; text-decoration:none; font-weight:bold; font-size:16px;\">\n  \ud83d\udcde +224 627 45 76 45 to call the bar\n<\/a>\n<\/div>\n\n\n\n<div style=\"position:relative;\">\n  <iframe\n    width=\"100%\"\n    height=\"400\"\n    style=\"filter: grayscale(100%); border:0;\"\n    loading=\"lazy\"\n    src=\"https:\/\/www.google.com\/maps?q=Baie+des+etoiles+Kipe+Conakry+Guinee&#038;output=embed\">\n  <\/iframe>\n\n  <a href=\"https:\/\/www.google.com\/maps\/dir\/?api=1&#038;destination=Baie+des+etoiles+Kipe+Conakry+Guinee\"\n     target=\"_blank\"\n     style=\"       position:absolute;       bottom:20px;       left:20px;       background:#000;       color:#fff;       padding:10px 16px;       text-decoration:none;       border-radius:8px;       font-weight:bold;       display:flex;       align-items:center;       gap:10px;       box-shadow:0 4px 10px rgba(0,0,0,0.3);\">\n\n    <img decoding=\"async\" src=\"https:\/\/laruche224.com\/wp-content\/uploads\/2026\/01\/favicon-112-1.png\" alt=\"logo\"\n         style=\"height:24px; width:auto;\">\n\n     <span style=\"color:red;\">\ud83d\udccd Directions to the bar<\/span>\n  <\/a>\n\n<\/div>\n\n\n\n<figure class=\"wp-block-image size-large\"><img loading=\"lazy\" decoding=\"async\" width=\"1024\" height=\"724\" src=\"https:\/\/laruche224.com\/wp-content\/uploads\/2026\/03\/Menu-gouter-et-patisseries-1024x724.png\" alt=\"\" class=\"wp-image-254\" srcset=\"https:\/\/laruche224.com\/wp-content\/uploads\/2026\/03\/Menu-gouter-et-patisseries-1024x724.png 1024w, https:\/\/laruche224.com\/wp-content\/uploads\/2026\/03\/Menu-gouter-et-patisseries-300x212.png 300w, https:\/\/laruche224.com\/wp-content\/uploads\/2026\/03\/Menu-gouter-et-patisseries-768x543.png 768w, https:\/\/laruche224.com\/wp-content\/uploads\/2026\/03\/Menu-gouter-et-patisseries-1536x1086.png 1536w, https:\/\/laruche224.com\/wp-content\/uploads\/2026\/03\/Menu-gouter-et-patisseries-18x12.png 18w, https:\/\/laruche224.com\/wp-content\/uploads\/2026\/03\/Menu-gouter-et-patisseries.png 2000w\" sizes=\"auto, (max-width: 1024px) 100vw, 1024px\" \/><\/figure>","protected":false},"excerpt":{"rendered":"<p>LE NID 115 Vous accueille dans un cadre unique \u00e0 Kip\u00e9, au coeur de la Baie des Etoiles. On y vient pour prendre un go\u00fbter en journ\u00e9e, boire un verre dans l&rsquo;apr\u00e8s-midi, savourer une planche ap\u00e9ro, ou un cocktail le soir et se laisser emporter par une ambiance musicale vari\u00e9e et endiabl\u00e9e ! Des surprises [&hellip;]<\/p>\n","protected":false},"author":1,"featured_media":0,"parent":0,"menu_order":0,"comment_status":"closed","ping_status":"closed","template":"page-with-title","meta":{"_monsterinsights_skip_tracking":false,"_monsterinsights_sitenote_active":false,"_monsterinsights_sitenote_note":"","_monsterinsights_sitenote_category":0,"footnotes":""},"class_list":["post-86","page","type-page","status-publish","hentry"],"aioseo_notices":[],"_links":{"self":[{"href":"https:\/\/laruche224.com\/en\/wp-json\/wp\/v2\/pages\/86","targetHints":{"allow":["GET"]}}],"collection":[{"href":"https:\/\/laruche224.com\/en\/wp-json\/wp\/v2\/pages"}],"about":[{"href":"https:\/\/laruche224.com\/en\/wp-json\/wp\/v2\/types\/page"}],"author":[{"embeddable":true,"href":"https:\/\/laruche224.com\/en\/wp-json\/wp\/v2\/users\/1"}],"replies":[{"embeddable":true,"href":"https:\/\/laruche224.com\/en\/wp-json\/wp\/v2\/comments?post=86"}],"version-history":[{"count":26,"href":"https:\/\/laruche224.com\/en\/wp-json\/wp\/v2\/pages\/86\/revisions"}],"predecessor-version":[{"id":335,"href":"https:\/\/laruche224.com\/en\/wp-json\/wp\/v2\/pages\/86\/revisions\/335"}],"wp:attachment":[{"href":"https:\/\/laruche224.com\/en\/wp-json\/wp\/v2\/media?parent=86"}],"curies":[{"name":"wp","href":"https:\/\/api.w.org\/{rel}","templated":true}]}}